{"id":1673,"date":"2024-04-08T16:21:02","date_gmt":"2024-04-08T14:21:02","guid":{"rendered":"https:\/\/tankr.ch\/sup-canoe-kayak\/"},"modified":"2024-04-12T10:39:21","modified_gmt":"2024-04-12T08:39:21","slug":"sup-canoe-kayak","status":"publish","type":"page","link":"https:\/\/tankr.ch\/fr\/sup-canoe-kayak\/","title":{"rendered":"SUP, cano\u00eb &amp; kayak"},"content":{"rendered":"<p>[et_pb_section fb_built=\u00a0\u00bb1&Prime; fullwidth=\u00a0\u00bbon\u00a0\u00bb _builder_version=\u00a0\u00bb4.23&Prime; _module_preset=\u00a0\u00bbdefault\u00a0\u00bb background_image=\u00a0\u00bbhttps:\/\/tankr.ch\/wp-content\/uploads\/2024\/04\/Produkte-Tankr-DE.jpg\u00a0\u00bb background_position=\u00a0\u00bbbottom_center\u00a0\u00bb background_vertical_offset=\u00a0\u00bb68%\u00a0\u00bb bottom_divider_style=\u00a0\u00bbmountains2&Prime; bottom_divider_color=\u00a0\u00bb#FFFFFF\u00a0\u00bb bottom_divider_height=\u00a0\u00bb81px\u00a0\u00bb bottom_divider_repeat=\u00a0\u00bb1x\u00a0\u00bb bottom_divider_flip=\u00a0\u00bbhorizontal\u00a0\u00bb global_colors_info=\u00a0\u00bb{}\u00a0\u00bb][et_pb_fullwidth_header title=\u00a0\u00bbSUP, cano\u00eb &#038; kayak\u00a0\u00bb subhead=\u00a0\u00bbTes besoins \u00e9voluent\u00a0\u00bb _builder_version=\u00a0\u00bb4.23&Prime; _module_preset=\u00a0\u00bbdefault\u00a0\u00bb title_text_align=\u00a0\u00bbcenter\u00a0\u00bb subhead_font=\u00a0\u00bb||||||||\u00a0\u00bb subhead_text_align=\u00a0\u00bbcenter\u00a0\u00bb background_color=\u00a0\u00bbRGBA(255,255,255,0)\u00a0\u00bb use_background_color_gradient=\u00a0\u00bbon\u00a0\u00bb background_color_gradient_direction=\u00a0\u00bb158deg\u00a0\u00bb background_color_gradient_stops=\u00a0\u00bbrgba(255,53,5,0.48) 0%|rgba(112,56,50,0.28) 48%|rgba(37,112,142,0.26) 72%|rgba(125,215,224,0.78) 100%\u00a0\u00bb custom_padding=\u00a0\u00bb120px||155px||false|false\u00a0\u00bb border_radii_image=\u00a0\u00bboff||||\u00a0\u00bb global_colors_info=\u00a0\u00bb{}\u00a0\u00bb][\/et_pb_fullwidth_header][\/et_pb_section][et_pb_section fb_built=\u00a0\u00bb1&Prime; _builder_version=\u00a0\u00bb4.23&Prime; _module_preset=\u00a0\u00bbdefault\u00a0\u00bb global_colors_info=\u00a0\u00bb{}\u00a0\u00bb][et_pb_row _builder_version=\u00a0\u00bb4.23&Prime; _module_preset=\u00a0\u00bbdefault\u00a0\u00bb global_colors_info=\u00a0\u00bb{}\u00a0\u00bb][et_pb_column type=\u00a0\u00bb4_4&Prime; _builder_version=\u00a0\u00bb4.23&Prime; _module_preset=\u00a0\u00bbdefault\u00a0\u00bb global_colors_info=\u00a0\u00bb{}\u00a0\u00bb][et_pb_text _builder_version=\u00a0\u00bb4.23&Prime; _module_preset=\u00a0\u00bbdefault\u00a0\u00bb custom_padding=\u00a0\u00bb0px|||||\u00a0\u00bb global_colors_info=\u00a0\u00bb{}\u00a0\u00bb]<\/p>\n<p style=\"text-align: center;\">Pourquoi choisir ? Pour la location de SUP, de cano\u00ebs et de kayaks, diff\u00e9rentes options sont \u00e0 ta disposition.<br \/>Tankr propose une solution adapt\u00e9e \u00e0 chaque site &#8211; sur mesure si n\u00e9cessaire.<\/p>\n<p style=\"text-align: center;\">\n<p>[\/et_pb_text][\/et_pb_column][\/et_pb_row][et_pb_row _builder_version=\u00a0\u00bb4.23&Prime; _module_preset=\u00a0\u00bbdefault\u00a0\u00bb global_colors_info=\u00a0\u00bb{}\u00a0\u00bb][et_pb_column type=\u00a0\u00bb4_4&Prime; _builder_version=\u00a0\u00bb4.23&Prime; _module_preset=\u00a0\u00bbdefault\u00a0\u00bb global_colors_info=\u00a0\u00bb{}\u00a0\u00bb][dsm_advanced_tabs dsm_show_arrow=\u00a0\u00bboff\u00a0\u00bb dsm_lightbox_image=\u00a0\u00bbon\u00a0\u00bb module_id=\u00a0\u00bbproducttabs\u00a0\u00bb _builder_version=\u00a0\u00bb4.23&Prime; _module_preset=\u00a0\u00bb39416bd3-6ca1-4c9d-a4c5-6337a02503a7&Prime; hover_enabled=\u00a0\u00bb0&Prime; global_colors_info=\u00a0\u00bb{%22gcid-b52d0f1b-815f-44dd-83ad-0e146005a2be%22:%91%22dsm_tabs_bg_color%22,%22dsm_tabs_bg_color%22,%22dsm_tabs_bg_color%22%93,%22gcid-70367edc-8c8d-4b72-938f-00aef66bb7be%22:%91%22dsm_tabs_active_text_color%22,%22border_color_all_dsm_active_tabs_border%22%93}\u00a0\u00bb sticky_enabled=\u00a0\u00bb0&Prime;][dsm_advanced_tabs_child dsm_title=\u00a0\u00bbPanneau de fermeture modulaire\u00a0\u00bb dsm_content_title=\u00a0\u00bbColonne de fermeture avec rack\u00a0\u00bb dsm_content=\u00a0\u00bb<\/p>\n<p>La solution de location pragmatique pour les SUP, les cano\u00ebs et les kayaks. Tu travailles d\u00e9j\u00e0 avec un rack pour ton \u00e9quipement ? Il ne te manque alors plus que notre colonne de fermeture modulaire &#8211; enti\u00e8rement autonome, bien entendu.<\/p>\n<h3>Caract\u00e9ristiques de la colonne de fermeture modulaire<\/h3>\n<p>incl. 8-10 unit\u00e9s de fermeture, calle en acier chrom\u00e9 caoutchout\u00e9 avec boulon de fermeture pour un verrouillage s\u00fbr de 8-10 SUP, cano\u00ebs ou kayaks. Disponible \u00e0 partir de CHF 5&rsquo;450.-.<\/p>\n<h3>Caract\u00e9ristiques du rack en acier chrom\u00e9<\/h3>\n<p>Rack en acier chrom\u00e9 de 8 ou 10 places, chargeable des deux c\u00f4t\u00e9s, autoportant pour 8x SUP, cano\u00ebs ou kayaks m\u00e9lang\u00e9s ou 10x SUP. Hauteur de la colonne de fermeture : 2000mm. LxHxP Rack (charg\u00e9) : 3800x2000x1800mm. A partir de CHF 2&rsquo;950.-<\/p>\n<p>\u00a0\u00bb dsm_content_use_icon_image=\u00a0\u00bbon\u00a0\u00bb dsm_content_image=\u00a0\u00bbhttps:\/\/tankr.ch\/wp-content\/uploads\/2024\/04\/Tankr-Modulare-Schliesssaeule.jpg\u00a0\u00bb button_text=\u00a0\u00bbT\u00e9l\u00e9charger la brochure du produit\u00a0\u00bb button_url=\u00a0\u00bb@ET-DC@eyJkeW5hbWljIjp0cnVlLCJjb250ZW50IjoicG9zdF9saW5rX3VybF9hdHRhY2htZW50Iiwic2V0dGluZ3MiOnsicG9zdF9pZCI6IjE3MDIifX0=@\u00a0\u00bb _builder_version=\u00a0\u00bb4.23&Prime; _dynamic_attributes=\u00a0\u00bbbutton_url\u00a0\u00bb _module_preset=\u00a0\u00bbdefault\u00a0\u00bb hover_enabled=\u00a0\u00bb0&Prime; global_colors_info=\u00a0\u00bb{}\u00a0\u00bb parentOrderClass=\u00a0\u00bbdsm_advanced_tabs_0&Prime; sticky_enabled=\u00a0\u00bb0&Prime;][\/dsm_advanced_tabs_child][dsm_advanced_tabs_child dsm_title=\u00a0\u00bbCano\u00eb &#038; kayak\u00a0\u00bb dsm_content_title=\u00a0\u00bbConsigne \u00e0 cano\u00eb &#038; kayak &#8211; module 2 places\u00a0\u00bb dsm_content=\u00a0\u00bb<\/p>\n<p>Protection optimale contre le vent et les intemp\u00e9ries : le mat\u00e9riel de location est rang\u00e9 en toute s\u00e9curit\u00e9 dans le casier sp\u00e9cialement con\u00e7u pour le cano\u00eb et le kayak. Le casier est modulable et peut \u00eatre compl\u00e9t\u00e9 \u00e0 volont\u00e9 par d&rsquo;autres \u00e9l\u00e9ments.<\/p>\n<p>Enti\u00e8rement autonome, bien entendu.<\/p>\n<h3>Caract\u00e9ristiques<\/h3>\n<p>2 compartiments mont\u00e9s sur roulettes pour 2 cano\u00ebs ou kayaks, une insertion pour pagaie et une insertion pour gilet de sauvetage par compartiment. LxHxP module : 850x1200x4000mm. A partir de CHF 7&rsquo;450.-<\/p>\n<p>\u00a0\u00bb dsm_content_use_icon_image=\u00a0\u00bbon\u00a0\u00bb dsm_content_image=\u00a0\u00bbhttps:\/\/tankr.ch\/wp-content\/uploads\/2024\/04\/Tankr-Kanu-Kajak.jpg\u00a0\u00bb button_text=\u00a0\u00bbT\u00e9l\u00e9charger la brochure du produit\u00a0\u00bb button_url=\u00a0\u00bb@ET-DC@eyJkeW5hbWljIjp0cnVlLCJjb250ZW50IjoicG9zdF9saW5rX3VybF9hdHRhY2htZW50Iiwic2V0dGluZ3MiOnsicG9zdF9pZCI6IjE3MDIifX0=@\u00a0\u00bb _builder_version=\u00a0\u00bb4.23&Prime; _dynamic_attributes=\u00a0\u00bbbutton_url\u00a0\u00bb _module_preset=\u00a0\u00bbdefault\u00a0\u00bb hover_enabled=\u00a0\u00bb0&Prime; global_colors_info=\u00a0\u00bb{%22gcid-70367edc-8c8d-4b72-938f-00aef66bb7be%22:%91%22button_text_color%22,%22button_text_color%22,%22button_text_color%22%93}\u00a0\u00bb parentOrderClass=\u00a0\u00bbdsm_advanced_tabs_0&Prime; sticky_enabled=\u00a0\u00bb0&Prime;][\/dsm_advanced_tabs_child][dsm_advanced_tabs_child dsm_title=\u00a0\u00bbConteneurs SUP, cano\u00eb &#038; kayak\u00a0\u00bb dsm_content_title=\u00a0\u00bbConteneur SUP\u00a0\u00bb dsm_content=\u00a0\u00bb<\/p>\n<p>La meilleure solution pour des installations fixes permanentes : Le conteneur maritime transform\u00e9. Tout le mat\u00e9riel est prot\u00e9g\u00e9 de mani\u00e8re optimale contre les intemp\u00e9ries. Pause hivernale ? Pas de probl\u00e8me &#8211; verrouiller les portes du conteneur et tout est \u00e9tanche (pour la haute mer). Changer d&#8217;emplacement ? Pas de probl\u00e8me non plus &#8211; le container peut \u00eatre install\u00e9 avec les accessoires. Transporter sans probl\u00e8me du mat\u00e9riel de location \u00e0 travers la Suisse<\/p>\n<p>Enti\u00e8rement autonome, bien entendu.<\/p>\n<h3>Caract\u00e9ristiques<\/h3>\n<p>Conteneur de 20 pieds \u00e9quip\u00e9 de : 12 compartiments au total, mont\u00e9s sur roulettes, pour 8 SUP et 4 cano\u00ebs ou kayaks, un emplacement pour pagaie et gilet de sauvetage par compartiment. LxHxP conteneur : 2440x2591x6060mm. A partir de CHF 28&rsquo;500<\/p>\n<p>Attention : permis de construire requis.<\/p>\n<p>\u00a0\u00bb dsm_content_use_icon_image=\u00a0\u00bbon\u00a0\u00bb dsm_content_image=\u00a0\u00bbhttps:\/\/tankr.ch\/wp-content\/uploads\/2024\/04\/Tankr-Kanu-Kajak-Container-20.jpg\u00a0\u00bb button_text=\u00a0\u00bbT\u00e9l\u00e9charger la brochure du produit\u00a0\u00bb button_url=\u00a0\u00bb@ET-DC@eyJkeW5hbWljIjp0cnVlLCJjb250ZW50IjoicG9zdF9saW5rX3VybF9hdHRhY2htZW50Iiwic2V0dGluZ3MiOnsicG9zdF9pZCI6IjE3MDIifX0=@\u00a0\u00bb _builder_version=\u00a0\u00bb4.23&Prime; _dynamic_attributes=\u00a0\u00bbbutton_url\u00a0\u00bb _module_preset=\u00a0\u00bbdefault\u00a0\u00bb hover_enabled=\u00a0\u00bb0&Prime; global_colors_info=\u00a0\u00bb{%22gcid-70367edc-8c8d-4b72-938f-00aef66bb7be%22:%91%22button_text_color%22,%22button_text_color%22%93}\u00a0\u00bb parentOrderClass=\u00a0\u00bbdsm_advanced_tabs_0&Prime; sticky_enabled=\u00a0\u00bb0&Prime;][\/dsm_advanced_tabs_child][\/dsm_advanced_tabs][\/et_pb_column][\/et_pb_row][\/et_pb_section][et_pb_section fb_built=\u00a0\u00bb1&Prime; _builder_version=\u00a0\u00bb4.23&Prime; _module_preset=\u00a0\u00bbdefault\u00a0\u00bb use_background_color_gradient=\u00a0\u00bbon\u00a0\u00bb background_color_gradient_direction=\u00a0\u00bb170deg\u00a0\u00bb background_color_gradient_stops=\u00a0\u00bb#efefef 32%|#bfbbb3 100%\u00a0\u00bb custom_padding=\u00a0\u00bb110px||92px|||\u00a0\u00bb top_divider_style=\u00a0\u00bbmountains2&Prime; top_divider_color=\u00a0\u00bb#FFFFFF\u00a0\u00bb top_divider_height=\u00a0\u00bb42px\u00a0\u00bb saved_tabs=\u00a0\u00bball\u00a0\u00bb global_colors_info=\u00a0\u00bb{%22gcid-70367edc-8c8d-4b72-938f-00aef66bb7be%22:%91%22background_color_gradient_stops%22%93,%22gcid-b52d0f1b-815f-44dd-83ad-0e146005a2be%22:%91%22background_color_gradient_stops%22%93}\u00a0\u00bb][et_pb_row _builder_version=\u00a0\u00bb4.23&Prime; _module_preset=\u00a0\u00bbdefault\u00a0\u00bb custom_padding=\u00a0\u00bb||0px|||\u00a0\u00bb global_colors_info=\u00a0\u00bb{}\u00a0\u00bb][et_pb_column type=\u00a0\u00bb4_4&Prime; _builder_version=\u00a0\u00bb4.23&Prime; _module_preset=\u00a0\u00bbdefault\u00a0\u00bb global_colors_info=\u00a0\u00bb{}\u00a0\u00bb][et_pb_text _builder_version=\u00a0\u00bb4.23&Prime; _module_preset=\u00a0\u00bbdefault\u00a0\u00bb global_colors_info=\u00a0\u00bb{}\u00a0\u00bb]<\/p>\n<h3 style=\"text-align: center;\">Vous n&rsquo;avez pas encore trouv\u00e9 le syst\u00e8me qui vous convient ?<\/h3>\n<p style=\"text-align: center;\">Nous fabriquons \u00e9galement nos syst\u00e8mes Schless sur mesure. Nous nous ferons un plaisir de te montrer les possibilit\u00e9s et de planifier avec toi ton installation individuelle.<\/p>\n<p>[\/et_pb_text][\/et_pb_column][\/et_pb_row][et_pb_row column_structure=\u00a0\u00bb1_3,1_3,1_3&Prime; _builder_version=\u00a0\u00bb4.23&Prime; _module_preset=\u00a0\u00bbdefault\u00a0\u00bb custom_padding=\u00a0\u00bb0px|||||\u00a0\u00bb global_colors_info=\u00a0\u00bb{}\u00a0\u00bb][et_pb_column type=\u00a0\u00bb1_3&Prime; _builder_version=\u00a0\u00bb4.23&Prime; _module_preset=\u00a0\u00bbdefault\u00a0\u00bb global_colors_info=\u00a0\u00bb{}\u00a0\u00bb][et_pb_button button_url=\u00a0\u00bbhttps:\/\/calendly.com\/tankrmichael\/30min\u00a0\u00bb url_new_window=\u00a0\u00bbon\u00a0\u00bb button_text=\u00a0\u00bbR\u00e9server une consultation\u00a0\u00bb button_alignment=\u00a0\u00bbright\u00a0\u00bb button_alignment_tablet=\u00a0\u00bbright\u00a0\u00bb button_alignment_phone=\u00a0\u00bbright\u00a0\u00bb button_alignment_last_edited=\u00a0\u00bbon|desktop\u00a0\u00bb _builder_version=\u00a0\u00bb4.23&Prime; _module_preset=\u00a0\u00bb00149a6c-3910-41ff-98cf-0a023dafc5dc\u00a0\u00bb global_colors_info=\u00a0\u00bb{}\u00a0\u00bb][\/et_pb_button][\/et_pb_column][et_pb_column type=\u00a0\u00bb1_3&Prime; _builder_version=\u00a0\u00bb4.23&Prime; _module_preset=\u00a0\u00bbdefault\u00a0\u00bb global_colors_info=\u00a0\u00bb{}\u00a0\u00bb][et_pb_button button_url=\u00a0\u00bbmailto:info@tankr.ch\u00a0\u00bb button_text=\u00a0\u00bbEcrire un e-mail\u00a0\u00bb button_alignment=\u00a0\u00bbcenter\u00a0\u00bb button_alignment_tablet=\u00a0\u00bb\u00a0\u00bb button_alignment_phone=\u00a0\u00bb\u00a0\u00bb button_alignment_last_edited=\u00a0\u00bbon|desktop\u00a0\u00bb _builder_version=\u00a0\u00bb4.23&Prime; _module_preset=\u00a0\u00bb00149a6c-3910-41ff-98cf-0a023dafc5dc\u00a0\u00bb button_icon=\u00a0\u00bb&#xe076;||divi||400&Prime; global_colors_info=\u00a0\u00bb{}\u00a0\u00bb][\/et_pb_button][\/et_pb_column][et_pb_column type=\u00a0\u00bb1_3&Prime; _builder_version=\u00a0\u00bb4.23&Prime; _module_preset=\u00a0\u00bbdefault\u00a0\u00bb global_colors_info=\u00a0\u00bb{}\u00a0\u00bb][et_pb_button button_url=\u00a0\u00bbtel:+41315156400&Prime; button_text=\u00a0\u00bbAppeler\u00a0\u00bb _builder_version=\u00a0\u00bb4.23&Prime; _module_preset=\u00a0\u00bb00149a6c-3910-41ff-98cf-0a023dafc5dc\u00a0\u00bb button_icon=\u00a0\u00bb&#xe090;||divi||400&Prime; global_colors_info=\u00a0\u00bb{}\u00a0\u00bb][\/et_pb_button][\/et_pb_column][\/et_pb_row][\/et_pb_section][et_pb_section fb_built=\u00a0\u00bb1&Prime; _builder_version=\u00a0\u00bb4.23&Prime; _module_preset=\u00a0\u00bbdefault\u00a0\u00bb background_color=\u00a0\u00bb#2b2b2b\u00a0\u00bb custom_padding=\u00a0\u00bb87px||33px|||\u00a0\u00bb saved_tabs=\u00a0\u00bball\u00a0\u00bb global_colors_info=\u00a0\u00bb{}\u00a0\u00bb][et_pb_row column_structure=\u00a0\u00bb1_3,1_3,1_3&Prime; _builder_version=\u00a0\u00bb4.23&Prime; _module_preset=\u00a0\u00bbdefault\u00a0\u00bb global_colors_info=\u00a0\u00bb{}\u00a0\u00bb][et_pb_column type=\u00a0\u00bb1_3&Prime; _builder_version=\u00a0\u00bb4.23&Prime; _module_preset=\u00a0\u00bbdefault\u00a0\u00bb global_colors_info=\u00a0\u00bb{}\u00a0\u00bb][et_pb_text _builder_version=\u00a0\u00bb4.23&Prime; _module_preset=\u00a0\u00bbdefault\u00a0\u00bb text_text_color=\u00a0\u00bb#FFFFFF\u00a0\u00bb header_3_text_color=\u00a0\u00bb#FFFFFF\u00a0\u00bb header_4_font=\u00a0\u00bb|700|||||||\u00a0\u00bb header_4_text_color=\u00a0\u00bb#FFFFFF\u00a0\u00bb global_colors_info=\u00a0\u00bb{}\u00a0\u00bb]<\/p>\n<h3>Contact<\/h3>\n<p>[\/et_pb_text][et_pb_text _builder_version=\u00a0\u00bb4.23&Prime; _module_preset=\u00a0\u00bbdefault\u00a0\u00bb text_text_color=\u00a0\u00bb#FFFFFF\u00a0\u00bb global_colors_info=\u00a0\u00bb{}\u00a0\u00bb]<\/p>\n<p><span style=\"color: #cccccc;\"><b>Tankr AG<\/b><\/span><br \/><span style=\"color: #cccccc;\">Libellenweg 11<\/span><br \/><span style=\"color: #cccccc;\">CH-3510 Konolfingen<\/span><\/p>\n<p><span class=\"et-pb-icon\" style=\"font-size: 16px; color: #cccccc;\">\ue090<\/span>  <a href=\"tel:+41315156400\">+41 (0) 31 515 64 00<\/a><br \/><span class=\"et-pb-icon\" style=\"font-size: 16px; color: #cccccc;\">\ue076<\/span>  <a href=\"mailto:info@tankr.ch\">info@tankr.ch<\/a><\/p>\n<p>[\/et_pb_text][et_pb_divider show_divider=\u00a0\u00bboff\u00a0\u00bb _builder_version=\u00a0\u00bb4.23&Prime; _module_preset=\u00a0\u00bbdefault\u00a0\u00bb global_colors_info=\u00a0\u00bb{}\u00a0\u00bb][\/et_pb_divider][\/et_pb_column][et_pb_column type=\u00a0\u00bb1_3&Prime; _builder_version=\u00a0\u00bb4.23&Prime; _module_preset=\u00a0\u00bbdefault\u00a0\u00bb global_colors_info=\u00a0\u00bb{}\u00a0\u00bb][et_pb_text _builder_version=\u00a0\u00bb4.23&Prime; _module_preset=\u00a0\u00bbdefault\u00a0\u00bb text_text_color=\u00a0\u00bb#FFFFFF\u00a0\u00bb header_3_text_color=\u00a0\u00bb#FFFFFF\u00a0\u00bb header_4_font=\u00a0\u00bb|700|||||||\u00a0\u00bb header_4_text_color=\u00a0\u00bb#FFFFFF\u00a0\u00bb global_colors_info=\u00a0\u00bb{}\u00a0\u00bb]<\/p>\n<h3>Acc\u00e8s rapide<\/h3>\n<p>[\/et_pb_text][et_pb_button button_url=\u00a0\u00bb@ET-DC@eyJkeW5hbWljIjp0cnVlLCJjb250ZW50IjoicG9zdF9saW5rX3VybF9wYWdlIiwic2V0dGluZ3MiOnsicG9zdF9pZCI6IjIxMSJ9fQ==@\u00a0\u00bb button_text=\u00a0\u00bb\u00c0 propos de nous\u00a0\u00bb _builder_version=\u00a0\u00bb4.23&Prime; _dynamic_attributes=\u00a0\u00bbbutton_url\u00a0\u00bb _module_preset=\u00a0\u00bb05aa6d66-2fdd-40d2-a644-f76dec775b67&Prime; global_colors_info=\u00a0\u00bb{}\u00a0\u00bb][\/et_pb_button][et_pb_button button_url=\u00a0\u00bb@ET-DC@eyJkeW5hbWljIjp0cnVlLCJjb250ZW50IjoicG9zdF9saW5rX3VybF9wYWdlIiwic2V0dGluZ3MiOnsicG9zdF9pZCI6IjEwNiJ9fQ==@\u00a0\u00bb button_text=\u00a0\u00bbDemander un tankr\u00a0\u00bb _builder_version=\u00a0\u00bb4.23&Prime; _dynamic_attributes=\u00a0\u00bbbutton_url\u00a0\u00bb _module_preset=\u00a0\u00bb05aa6d66-2fdd-40d2-a644-f76dec775b67&Prime; global_colors_info=\u00a0\u00bb{}\u00a0\u00bb][\/et_pb_button][et_pb_divider show_divider=\u00a0\u00bboff\u00a0\u00bb _builder_version=\u00a0\u00bb4.23&Prime; _module_preset=\u00a0\u00bbdefault\u00a0\u00bb global_colors_info=\u00a0\u00bb{}\u00a0\u00bb][\/et_pb_divider][\/et_pb_column][et_pb_column type=\u00a0\u00bb1_3&Prime; _builder_version=\u00a0\u00bb4.23&Prime; _module_preset=\u00a0\u00bbdefault\u00a0\u00bb global_colors_info=\u00a0\u00bb{}\u00a0\u00bb][et_pb_text _builder_version=\u00a0\u00bb4.23&Prime; _module_preset=\u00a0\u00bbdefault\u00a0\u00bb text_text_color=\u00a0\u00bb#FFFFFF\u00a0\u00bb header_3_text_color=\u00a0\u00bb#FFFFFF\u00a0\u00bb header_4_font=\u00a0\u00bb|700|||||||\u00a0\u00bb header_4_text_color=\u00a0\u00bb#FFFFFF\u00a0\u00bb global_colors_info=\u00a0\u00bb{}\u00a0\u00bb]<\/p>\n<h3>Suivez-nous<\/h3>\n<p>[\/et_pb_text][et_pb_social_media_follow _builder_version=\u00a0\u00bb4.23&Prime; _module_preset=\u00a0\u00bbdefault\u00a0\u00bb custom_margin=\u00a0\u00bb||48px|||\u00a0\u00bb global_colors_info=\u00a0\u00bb{}\u00a0\u00bb][et_pb_social_media_follow_network social_network=\u00a0\u00bbinstagram\u00a0\u00bb url=\u00a0\u00bbhttps:\/\/www.instagram.com\/tankr_rentalbase\/\u00a0\u00bb _builder_version=\u00a0\u00bb4.23&Prime; _module_preset=\u00a0\u00bbdefault\u00a0\u00bb background_color=\u00a0\u00bb#ea2c59&Prime; global_colors_info=\u00a0\u00bb{%22gcid-b52d0f1b-815f-44dd-83ad-0e146005a2be%22:%91%22background_color_gradient_stops%22%93,%22gcid-70367edc-8c8d-4b72-938f-00aef66bb7be%22:%91%22background_color_gradient_stops%22%93}\u00a0\u00bb follow_button=\u00a0\u00bboff\u00a0\u00bb url_new_window=\u00a0\u00bbon\u00a0\u00bb]instagram[\/et_pb_social_media_follow_network][et_pb_social_media_follow_network social_network=\u00a0\u00bbfacebook\u00a0\u00bb url=\u00a0\u00bbhttps:\/\/www.facebook.com\/tankr.rentalbase\u00a0\u00bb _builder_version=\u00a0\u00bb4.23&Prime; _module_preset=\u00a0\u00bbdefault\u00a0\u00bb background_color=\u00a0\u00bb#3b5998&Prime; global_colors_info=\u00a0\u00bb{}\u00a0\u00bb follow_button=\u00a0\u00bboff\u00a0\u00bb url_new_window=\u00a0\u00bbon\u00a0\u00bb]facebook[\/et_pb_social_media_follow_network][et_pb_social_media_follow_network social_network=\u00a0\u00bblinkedin\u00a0\u00bb url=\u00a0\u00bbhttps:\/\/www.linkedin.com\/in\/michael-bieri-333897133\/\u00a0\u00bb _builder_version=\u00a0\u00bb4.23&Prime; _module_preset=\u00a0\u00bbdefault\u00a0\u00bb background_color=\u00a0\u00bb#007bb6&Prime; global_colors_info=\u00a0\u00bb{%22gcid-b52d0f1b-815f-44dd-83ad-0e146005a2be%22:%91%22background_color_gradient_stops%22%93,%22gcid-70367edc-8c8d-4b72-938f-00aef66bb7be%22:%91%22background_color_gradient_stops%22%93}\u00a0\u00bb follow_button=\u00a0\u00bboff\u00a0\u00bb url_new_window=\u00a0\u00bbon\u00a0\u00bb]linkedin[\/et_pb_social_media_follow_network][\/et_pb_social_media_follow][\/et_pb_column][\/et_pb_row][\/et_pb_section]<\/p>\n","protected":false},"excerpt":{"rendered":"<p>Pourquoi choisir ? Pour la location de SUP, de cano\u00ebs et de kayaks, diff\u00e9rentes options sont \u00e0 ta disposition.Tankr propose une solution adapt\u00e9e \u00e0 chaque site &#8211; sur mesure si n\u00e9cessaire. <div id=\"producttabs\" class=\"et_pb_with_border et_pb_module dsm_advanced_tabs dsm_advanced_tabs_0\">\n\t\t\t\t\n\t\t\t\t\n\t\t\t\t\n\t\t\t\t\n\t\t\t\t\n\t\t\t\t\n\t\t\t\t<div class=\"et_pb_module_inner\">\n\t\t\t\t\t<div class=\"dsm-advanced-tabs-container\" data-trigger=\"click\" data-animation=\"none\" data-inner_animation=\"none\" data-deep_link=\"off\" data-image_lightbox=\"on\" data-auto_scroll_mobile=\"off\" data-anchor_link=\"off\">\n\t\t\t\t    <div class=\"dsm-advanced-tabs-wrapper\" role=\"tablist\"><\/div>\n\t\t\t\t <div class=\"dsm-advanced-tabs-content-wrapper\">\n\t\t\t\t    \n\t\t\t\t <\/div>\n\t\t     <\/div>\n\t\t    \n\t\t\t\t<\/div>\n\t\t\t<\/div><div class=\"dsm-advanced-tab-item-wrapper dsm_advanced_tabs_child_0\">\n\t\t\t\t<\/div>\n\t\t\t<div class=\"dsm-advanced-tab-item-wrapper dsm_advanced_tabs_child_1\">\n\t\t\t\t<\/div>\n\t\t\t<\/p>\n","protected":false},"author":5,"featured_media":0,"parent":0,"menu_order":0,"comment_status":"closed","ping_status":"closed","template":"","meta":{"_et_pb_use_builder":"on","_et_pb_old_content":"","_et_gb_content_width":"","footnotes":""},"class_list":["post-1673","page","type-page","status-publish","hentry"],"yoast_head":"<!-- This site is optimized with the Yoast SEO plugin v27.5 - https:\/\/yoast.com\/product\/yoast-seo-wordpress\/ -->\n<title>SUP, cano\u00eb &amp; kayak - TANKR - Sportequipment 24\/7 personalfrei vermieten<\/title>\n<meta name=\"robots\" content=\"index, follow, max-snippet:-1, max-image-preview:large, max-video-preview:-1\" \/>\n<link rel=\"canonical\" href=\"https:\/\/tankr.ch\/fr\/sup-canoe-kayak\/\" \/>\n<meta property=\"og:locale\" content=\"fr_FR\" \/>\n<meta property=\"og:type\" content=\"article\" \/>\n<meta property=\"og:title\" content=\"SUP, cano\u00eb &amp; kayak - TANKR - Sportequipment 24\/7 personalfrei vermieten\" \/>\n<meta property=\"og:description\" content=\"Pourquoi choisir ? Pour la location de SUP, de cano\u00ebs et de kayaks, diff\u00e9rentes options sont \u00e0 ta disposition.Tankr propose une solution adapt\u00e9e \u00e0 chaque site - sur mesure si n\u00e9cessaire.\" \/>\n<meta property=\"og:url\" content=\"https:\/\/tankr.ch\/fr\/sup-canoe-kayak\/\" \/>\n<meta property=\"og:site_name\" content=\"TANKR - Sportequipment 24\/7 personalfrei vermieten\" \/>\n<meta property=\"article:modified_time\" content=\"2024-04-12T08:39:21+00:00\" \/>\n<meta name=\"twitter:card\" content=\"summary_large_image\" \/>\n<meta name=\"twitter:label1\" content=\"Dur\u00e9e de lecture estim\u00e9e\" \/>\n\t<meta name=\"twitter:data1\" content=\"9 minutes\" \/>\n<script type=\"application\/ld+json\" class=\"yoast-schema-graph\">{\"@context\":\"https:\\\/\\\/schema.org\",\"@graph\":[{\"@type\":\"WebPage\",\"@id\":\"https:\\\/\\\/tankr.ch\\\/fr\\\/sup-canoe-kayak\\\/\",\"url\":\"https:\\\/\\\/tankr.ch\\\/fr\\\/sup-canoe-kayak\\\/\",\"name\":\"SUP, cano\u00eb &amp; kayak - TANKR - Sportequipment 24\\\/7 personalfrei vermieten\",\"isPartOf\":{\"@id\":\"https:\\\/\\\/tankr.ch\\\/fr\\\/#website\"},\"datePublished\":\"2024-04-08T14:21:02+00:00\",\"dateModified\":\"2024-04-12T08:39:21+00:00\",\"breadcrumb\":{\"@id\":\"https:\\\/\\\/tankr.ch\\\/fr\\\/sup-canoe-kayak\\\/#breadcrumb\"},\"inLanguage\":\"fr-FR\",\"potentialAction\":[{\"@type\":\"ReadAction\",\"target\":[\"https:\\\/\\\/tankr.ch\\\/fr\\\/sup-canoe-kayak\\\/\"]}]},{\"@type\":\"BreadcrumbList\",\"@id\":\"https:\\\/\\\/tankr.ch\\\/fr\\\/sup-canoe-kayak\\\/#breadcrumb\",\"itemListElement\":[{\"@type\":\"ListItem\",\"position\":1,\"name\":\"Startseite\",\"item\":\"https:\\\/\\\/tankr.ch\\\/fr\\\/accueil\\\/\"},{\"@type\":\"ListItem\",\"position\":2,\"name\":\"SUP, cano\u00eb &amp; kayak\"}]},{\"@type\":\"WebSite\",\"@id\":\"https:\\\/\\\/tankr.ch\\\/fr\\\/#website\",\"url\":\"https:\\\/\\\/tankr.ch\\\/fr\\\/\",\"name\":\"TANKR - Sportequipment 24\\\/7 personalfrei vermieten\",\"description\":\"\",\"potentialAction\":[{\"@type\":\"SearchAction\",\"target\":{\"@type\":\"EntryPoint\",\"urlTemplate\":\"https:\\\/\\\/tankr.ch\\\/fr\\\/?s={search_term_string}\"},\"query-input\":{\"@type\":\"PropertyValueSpecification\",\"valueRequired\":true,\"valueName\":\"search_term_string\"}}],\"inLanguage\":\"fr-FR\"}]}<\/script>\n<!-- \/ Yoast SEO plugin. -->","yoast_head_json":{"title":"SUP, cano\u00eb &amp; kayak - TANKR - Sportequipment 24\/7 personalfrei vermieten","robots":{"index":"index","follow":"follow","max-snippet":"max-snippet:-1","max-image-preview":"max-image-preview:large","max-video-preview":"max-video-preview:-1"},"canonical":"https:\/\/tankr.ch\/fr\/sup-canoe-kayak\/","og_locale":"fr_FR","og_type":"article","og_title":"SUP, cano\u00eb &amp; kayak - TANKR - Sportequipment 24\/7 personalfrei vermieten","og_description":"Pourquoi choisir ? Pour la location de SUP, de cano\u00ebs et de kayaks, diff\u00e9rentes options sont \u00e0 ta disposition.Tankr propose une solution adapt\u00e9e \u00e0 chaque site - sur mesure si n\u00e9cessaire.","og_url":"https:\/\/tankr.ch\/fr\/sup-canoe-kayak\/","og_site_name":"TANKR - Sportequipment 24\/7 personalfrei vermieten","article_modified_time":"2024-04-12T08:39:21+00:00","twitter_card":"summary_large_image","twitter_misc":{"Dur\u00e9e de lecture estim\u00e9e":"9 minutes"},"schema":{"@context":"https:\/\/schema.org","@graph":[{"@type":"WebPage","@id":"https:\/\/tankr.ch\/fr\/sup-canoe-kayak\/","url":"https:\/\/tankr.ch\/fr\/sup-canoe-kayak\/","name":"SUP, cano\u00eb &amp; kayak - TANKR - Sportequipment 24\/7 personalfrei vermieten","isPartOf":{"@id":"https:\/\/tankr.ch\/fr\/#website"},"datePublished":"2024-04-08T14:21:02+00:00","dateModified":"2024-04-12T08:39:21+00:00","breadcrumb":{"@id":"https:\/\/tankr.ch\/fr\/sup-canoe-kayak\/#breadcrumb"},"inLanguage":"fr-FR","potentialAction":[{"@type":"ReadAction","target":["https:\/\/tankr.ch\/fr\/sup-canoe-kayak\/"]}]},{"@type":"BreadcrumbList","@id":"https:\/\/tankr.ch\/fr\/sup-canoe-kayak\/#breadcrumb","itemListElement":[{"@type":"ListItem","position":1,"name":"Startseite","item":"https:\/\/tankr.ch\/fr\/accueil\/"},{"@type":"ListItem","position":2,"name":"SUP, cano\u00eb &amp; kayak"}]},{"@type":"WebSite","@id":"https:\/\/tankr.ch\/fr\/#website","url":"https:\/\/tankr.ch\/fr\/","name":"TANKR - Sportequipment 24\/7 personalfrei vermieten","description":"","potentialAction":[{"@type":"SearchAction","target":{"@type":"EntryPoint","urlTemplate":"https:\/\/tankr.ch\/fr\/?s={search_term_string}"},"query-input":{"@type":"PropertyValueSpecification","valueRequired":true,"valueName":"search_term_string"}}],"inLanguage":"fr-FR"}]}},"_links":{"self":[{"href":"https:\/\/tankr.ch\/fr\/wp-json\/wp\/v2\/pages\/1673","targetHints":{"allow":["GET"]}}],"collection":[{"href":"https:\/\/tankr.ch\/fr\/wp-json\/wp\/v2\/pages"}],"about":[{"href":"https:\/\/tankr.ch\/fr\/wp-json\/wp\/v2\/types\/page"}],"author":[{"embeddable":true,"href":"https:\/\/tankr.ch\/fr\/wp-json\/wp\/v2\/users\/5"}],"replies":[{"embeddable":true,"href":"https:\/\/tankr.ch\/fr\/wp-json\/wp\/v2\/comments?post=1673"}],"version-history":[{"count":3,"href":"https:\/\/tankr.ch\/fr\/wp-json\/wp\/v2\/pages\/1673\/revisions"}],"predecessor-version":[{"id":1714,"href":"https:\/\/tankr.ch\/fr\/wp-json\/wp\/v2\/pages\/1673\/revisions\/1714"}],"wp:attachment":[{"href":"https:\/\/tankr.ch\/fr\/wp-json\/wp\/v2\/media?parent=1673"}],"curies":[{"name":"wp","href":"https:\/\/api.w.org\/{rel}","templated":true}]}}